{"id":877,"date":"2023-06-04T11:44:03","date_gmt":"2023-06-04T11:44:03","guid":{"rendered":"https:\/\/shamsgo.com\/?page_id=877"},"modified":"2023-06-05T20:58:44","modified_gmt":"2023-06-05T20:58:44","slug":"conseil","status":"publish","type":"page","link":"https:\/\/shamsgo.com\/?page_id=877&lang=fr","title":{"rendered":"Conseil"},"content":{"rendered":"\t\t<div data-elementor-type=\"wp-page\" data-elementor-id=\"877\" class=\"elementor elementor-877\">\n\t\t\t\t\t\t<section class=\"elementor-section elementor-top-section elementor-element elementor-element-e0bc20c elementor-section-boxed elementor-section-height-default elementor-section-height-default\" data-id=\"e0bc20c\" data-element_type=\"section\" data-e-type=\"section\">\n\t\t\t\t\t\t<div class=\"elementor-container elementor-column-gap-default\">\n\t\t\t\t\t<div class=\"elementor-column elementor-col-100 elementor-top-column elementor-element elementor-element-afa0790\" data-id=\"afa0790\" data-element_type=\"column\" data-e-type=\"column\">\n\t\t\t<div class=\"elementor-widget-wrap elementor-element-populated\">\n\t\t\t\t\t\t<div class=\"elementor-element elementor-element-8fd8b18 elementor-widget elementor-widget-image\" data-id=\"8fd8b18\" data-element_type=\"widget\" data-e-type=\"widget\" data-widget_type=\"image.default\">\n\t\t\t\t<div class=\"elementor-widget-container\">\n\t\t\t\t\t\t\t\t\t\t\t\t\t\t\t<img fetchpriority=\"high\" decoding=\"async\" width=\"1150\" height=\"380\" src=\"https:\/\/shamsgo.com\/wp-content\/uploads\/2023\/05\/features_style_05-1-1.jpg\" class=\"attachment-1536x1536 size-1536x1536 wp-image-457\" alt=\"\" srcset=\"https:\/\/shamsgo.com\/wp-content\/uploads\/2023\/05\/features_style_05-1-1.jpg 1150w, https:\/\/shamsgo.com\/wp-content\/uploads\/2023\/05\/features_style_05-1-1-300x99.jpg 300w, https:\/\/shamsgo.com\/wp-content\/uploads\/2023\/05\/features_style_05-1-1-1024x338.jpg 1024w, https:\/\/shamsgo.com\/wp-content\/uploads\/2023\/05\/features_style_05-1-1-768x254.jpg 768w\" sizes=\"(max-width: 1150px) 100vw, 1150px\" \/>\t\t\t\t\t\t\t\t\t\t\t\t\t\t\t<\/div>\n\t\t\t\t<\/div>\n\t\t\t\t<div class=\"elementor-element elementor-element-37a7762 elementor-widget elementor-widget-text-editor\" data-id=\"37a7762\" data-element_type=\"widget\" data-e-type=\"widget\" data-widget_type=\"text-editor.default\">\n\t\t\t\t<div class=\"elementor-widget-container\">\n\t\t\t\t\t\t\t\t\t<p>Chez &#8220;Shams Barcelona&#8221;, nous travaillons avec une s\u00e9lection des meilleurs cabinets d&#8217;avocats et bureaux de services dans toute l&#8217;Espagne.<br \/>Nous mettons toutes nos capacit\u00e9s et nos ressources au service de la satisfaction de nos clients \u00e0 tout moment.<br \/>&#8220;Shams Barcelona propose les services de conseil suivants :<\/p>\t\t\t\t\t\t\t\t<\/div>\n\t\t\t\t<\/div>\n\t\t\t\t\t<\/div>\n\t\t<\/div>\n\t\t\t\t\t<\/div>\n\t\t<\/section>\n\t\t\t\t<section class=\"elementor-section elementor-top-section elementor-element elementor-element-56e8a0b elementor-section-boxed elementor-section-height-default elementor-section-height-default\" data-id=\"56e8a0b\" data-element_type=\"section\" data-e-type=\"section\">\n\t\t\t\t\t\t<div class=\"elementor-container elementor-column-gap-default\">\n\t\t\t\t\t<div class=\"elementor-column elementor-col-33 elementor-top-column elementor-element elementor-element-6379301\" data-id=\"6379301\" data-element_type=\"column\" data-e-type=\"column\">\n\t\t\t<div class=\"elementor-widget-wrap elementor-element-populated\">\n\t\t\t\t\t\t<div class=\"elementor-element elementor-element-7d9e449 elementor-widget elementor-widget-image\" data-id=\"7d9e449\" data-element_type=\"widget\" data-e-type=\"widget\" data-widget_type=\"image.default\">\n\t\t\t\t<div class=\"elementor-widget-container\">\n\t\t\t\t\t\t\t\t\t\t\t\t\t\t\t<img decoding=\"async\" width=\"500\" height=\"238\" src=\"https:\/\/shamsgo.com\/wp-content\/uploads\/2023\/05\/Implantacion-empresas-3-1.jpg\" class=\"attachment-large size-large wp-image-442\" alt=\"\" srcset=\"https:\/\/shamsgo.com\/wp-content\/uploads\/2023\/05\/Implantacion-empresas-3-1.jpg 500w, https:\/\/shamsgo.com\/wp-content\/uploads\/2023\/05\/Implantacion-empresas-3-1-300x143.jpg 300w\" sizes=\"(max-width: 500px) 100vw, 500px\" \/>\t\t\t\t\t\t\t\t\t\t\t\t\t\t\t<\/div>\n\t\t\t\t<\/div>\n\t\t\t\t<div class=\"elementor-element elementor-element-484650a elementor-widget elementor-widget-heading\" data-id=\"484650a\" data-element_type=\"widget\" data-e-type=\"widget\" data-widget_type=\"heading.default\">\n\t\t\t\t<div class=\"elementor-widget-container\">\n\t\t\t\t\t<h2 class=\"elementor-heading-title elementor-size-default\">Cr\u00e9ation d'entreprise<\/h2>\t\t\t\t<\/div>\n\t\t\t\t<\/div>\n\t\t\t\t\t<\/div>\n\t\t<\/div>\n\t\t\t\t<div class=\"elementor-column elementor-col-33 elementor-top-column elementor-element elementor-element-f9d772a\" data-id=\"f9d772a\" data-element_type=\"column\" data-e-type=\"column\">\n\t\t\t<div class=\"elementor-widget-wrap elementor-element-populated\">\n\t\t\t\t\t\t<div class=\"elementor-element elementor-element-6c5838e elementor-widget elementor-widget-image\" data-id=\"6c5838e\" data-element_type=\"widget\" data-e-type=\"widget\" data-widget_type=\"image.default\">\n\t\t\t\t<div class=\"elementor-widget-container\">\n\t\t\t\t\t\t\t\t\t\t\t\t\t\t\t<img decoding=\"async\" width=\"500\" height=\"238\" src=\"https:\/\/shamsgo.com\/wp-content\/uploads\/2023\/05\/investigacion-1-1.jpg\" class=\"attachment-large size-large wp-image-452\" alt=\"\" srcset=\"https:\/\/shamsgo.com\/wp-content\/uploads\/2023\/05\/investigacion-1-1.jpg 500w, https:\/\/shamsgo.com\/wp-content\/uploads\/2023\/05\/investigacion-1-1-300x143.jpg 300w\" sizes=\"(max-width: 500px) 100vw, 500px\" \/>\t\t\t\t\t\t\t\t\t\t\t\t\t\t\t<\/div>\n\t\t\t\t<\/div>\n\t\t\t\t<div class=\"elementor-element elementor-element-83d2522 elementor-widget elementor-widget-heading\" data-id=\"83d2522\" data-element_type=\"widget\" data-e-type=\"widget\" data-widget_type=\"heading.default\">\n\t\t\t\t<div class=\"elementor-widget-container\">\n\t\t\t\t\t<h2 class=\"elementor-heading-title elementor-size-default\">Services de recherche et d'enqu\u00eate<\/h2>\t\t\t\t<\/div>\n\t\t\t\t<\/div>\n\t\t\t\t\t<\/div>\n\t\t<\/div>\n\t\t\t\t<div class=\"elementor-column elementor-col-33 elementor-top-column elementor-element elementor-element-d0805a7\" data-id=\"d0805a7\" data-element_type=\"column\" data-e-type=\"column\">\n\t\t\t<div class=\"elementor-widget-wrap elementor-element-populated\">\n\t\t\t\t\t\t<div class=\"elementor-element elementor-element-113d4c8 elementor-widget elementor-widget-image\" data-id=\"113d4c8\" data-element_type=\"widget\" data-e-type=\"widget\" data-widget_type=\"image.default\">\n\t\t\t\t<div class=\"elementor-widget-container\">\n\t\t\t\t\t\t\t\t\t\t\t\t\t\t\t<img loading=\"lazy\" decoding=\"async\" width=\"500\" height=\"238\" src=\"https:\/\/shamsgo.com\/wp-content\/uploads\/2023\/05\/Asesoramiento-juridico-1-1.jpg\" class=\"attachment-large size-large wp-image-449\" alt=\"\" srcset=\"https:\/\/shamsgo.com\/wp-content\/uploads\/2023\/05\/Asesoramiento-juridico-1-1.jpg 500w, https:\/\/shamsgo.com\/wp-content\/uploads\/2023\/05\/Asesoramiento-juridico-1-1-300x143.jpg 300w\" sizes=\"(max-width: 500px) 100vw, 500px\" \/>\t\t\t\t\t\t\t\t\t\t\t\t\t\t\t<\/div>\n\t\t\t\t<\/div>\n\t\t\t\t<div class=\"elementor-element elementor-element-161f3da elementor-widget elementor-widget-heading\" data-id=\"161f3da\" data-element_type=\"widget\" data-e-type=\"widget\" data-widget_type=\"heading.default\">\n\t\t\t\t<div class=\"elementor-widget-container\">\n\t\t\t\t\t<h2 class=\"elementor-heading-title elementor-size-default\">Recherche de partenaires<\/h2>\t\t\t\t<\/div>\n\t\t\t\t<\/div>\n\t\t\t\t\t<\/div>\n\t\t<\/div>\n\t\t\t\t\t<\/div>\n\t\t<\/section>\n\t\t\t\t<section class=\"elementor-section elementor-top-section elementor-element elementor-element-c6ef6fa elementor-section-boxed elementor-section-height-default elementor-section-height-default\" data-id=\"c6ef6fa\" data-element_type=\"section\" data-e-type=\"section\">\n\t\t\t\t\t\t<div class=\"elementor-container elementor-column-gap-default\">\n\t\t\t\t\t<div class=\"elementor-column elementor-col-33 elementor-top-column elementor-element elementor-element-8de9b49\" data-id=\"8de9b49\" data-element_type=\"column\" data-e-type=\"column\">\n\t\t\t<div class=\"elementor-widget-wrap elementor-element-populated\">\n\t\t\t\t\t\t<div class=\"elementor-element elementor-element-083bcc8 elementor-widget elementor-widget-image\" data-id=\"083bcc8\" data-element_type=\"widget\" data-e-type=\"widget\" data-widget_type=\"image.default\">\n\t\t\t\t<div class=\"elementor-widget-container\">\n\t\t\t\t\t\t\t\t\t\t\t\t\t\t\t<img loading=\"lazy\" decoding=\"async\" width=\"500\" height=\"238\" src=\"https:\/\/shamsgo.com\/wp-content\/uploads\/2023\/05\/acompanamiento-1-1.jpg\" class=\"attachment-large size-large wp-image-472\" alt=\"\" srcset=\"https:\/\/shamsgo.com\/wp-content\/uploads\/2023\/05\/acompanamiento-1-1.jpg 500w, https:\/\/shamsgo.com\/wp-content\/uploads\/2023\/05\/acompanamiento-1-1-300x143.jpg 300w\" sizes=\"(max-width: 500px) 100vw, 500px\" \/>\t\t\t\t\t\t\t\t\t\t\t\t\t\t\t<\/div>\n\t\t\t\t<\/div>\n\t\t\t\t<div class=\"elementor-element elementor-element-6b972bd elementor-widget elementor-widget-heading\" data-id=\"6b972bd\" data-element_type=\"widget\" data-e-type=\"widget\" data-widget_type=\"heading.default\">\n\t\t\t\t<div class=\"elementor-widget-container\">\n\t\t\t\t\t<h2 class=\"elementor-heading-title elementor-size-default\">Accompagnement des entreprises<\/h2>\t\t\t\t<\/div>\n\t\t\t\t<\/div>\n\t\t\t\t\t<\/div>\n\t\t<\/div>\n\t\t\t\t<div class=\"elementor-column elementor-col-33 elementor-top-column elementor-element elementor-element-e41a209\" data-id=\"e41a209\" data-element_type=\"column\" data-e-type=\"column\">\n\t\t\t<div class=\"elementor-widget-wrap elementor-element-populated\">\n\t\t\t\t\t\t<div class=\"elementor-element elementor-element-b00bdf2 elementor-widget elementor-widget-image\" data-id=\"b00bdf2\" data-element_type=\"widget\" data-e-type=\"widget\" data-widget_type=\"image.default\">\n\t\t\t\t<div class=\"elementor-widget-container\">\n\t\t\t\t\t\t\t\t\t\t\t\t\t\t\t<img loading=\"lazy\" decoding=\"async\" width=\"500\" height=\"238\" src=\"https:\/\/shamsgo.com\/wp-content\/uploads\/2023\/05\/abogados1-1-1.jpg\" class=\"attachment-large size-large wp-image-477\" alt=\"\" srcset=\"https:\/\/shamsgo.com\/wp-content\/uploads\/2023\/05\/abogados1-1-1.jpg 500w, https:\/\/shamsgo.com\/wp-content\/uploads\/2023\/05\/abogados1-1-1-300x143.jpg 300w\" sizes=\"(max-width: 500px) 100vw, 500px\" \/>\t\t\t\t\t\t\t\t\t\t\t\t\t\t\t<\/div>\n\t\t\t\t<\/div>\n\t\t\t\t<div class=\"elementor-element elementor-element-8dabb9b elementor-widget elementor-widget-heading\" data-id=\"8dabb9b\" data-element_type=\"widget\" data-e-type=\"widget\" data-widget_type=\"heading.default\">\n\t\t\t\t<div class=\"elementor-widget-container\">\n\t\t\t\t\t<h2 class=\"elementor-heading-title elementor-size-default\">Conseil juridique<\/h2>\t\t\t\t<\/div>\n\t\t\t\t<\/div>\n\t\t\t\t\t<\/div>\n\t\t<\/div>\n\t\t\t\t<div class=\"elementor-column elementor-col-33 elementor-top-column elementor-element elementor-element-e0c121b\" data-id=\"e0c121b\" data-element_type=\"column\" data-e-type=\"column\">\n\t\t\t<div class=\"elementor-widget-wrap elementor-element-populated\">\n\t\t\t\t\t\t<div class=\"elementor-element elementor-element-52ce1e7 elementor-widget elementor-widget-image\" data-id=\"52ce1e7\" data-element_type=\"widget\" data-e-type=\"widget\" data-widget_type=\"image.default\">\n\t\t\t\t<div class=\"elementor-widget-container\">\n\t\t\t\t\t\t\t\t\t\t\t\t\t\t\t<img loading=\"lazy\" decoding=\"async\" width=\"500\" height=\"238\" src=\"https:\/\/shamsgo.com\/wp-content\/uploads\/2023\/05\/agencia-inmobiliarias-1-1.jpg\" class=\"attachment-large size-large wp-image-482\" alt=\"\" srcset=\"https:\/\/shamsgo.com\/wp-content\/uploads\/2023\/05\/agencia-inmobiliarias-1-1.jpg 500w, https:\/\/shamsgo.com\/wp-content\/uploads\/2023\/05\/agencia-inmobiliarias-1-1-300x143.jpg 300w\" sizes=\"(max-width: 500px) 100vw, 500px\" \/>\t\t\t\t\t\t\t\t\t\t\t\t\t\t\t<\/div>\n\t\t\t\t<\/div>\n\t\t\t\t<div class=\"elementor-element elementor-element-7e0b799 elementor-widget elementor-widget-heading\" data-id=\"7e0b799\" data-element_type=\"widget\" data-e-type=\"widget\" data-widget_type=\"heading.default\">\n\t\t\t\t<div class=\"elementor-widget-container\">\n\t\t\t\t\t<h2 class=\"elementor-heading-title elementor-size-default\">Achat et vente de biens immobiliers<\/h2>\t\t\t\t<\/div>\n\t\t\t\t<\/div>\n\t\t\t\t\t<\/div>\n\t\t<\/div>\n\t\t\t\t\t<\/div>\n\t\t<\/section>\n\t\t\t\t<section class=\"elementor-section elementor-top-section elementor-element elementor-element-245002c elementor-section-boxed elementor-section-height-default elementor-section-height-default\" data-id=\"245002c\" data-element_type=\"section\" data-e-type=\"section\">\n\t\t\t\t\t\t<div class=\"elementor-container elementor-column-gap-default\">\n\t\t\t\t\t<div class=\"elementor-column elementor-col-33 elementor-top-column elementor-element elementor-element-5130131\" data-id=\"5130131\" data-element_type=\"column\" data-e-type=\"column\">\n\t\t\t<div class=\"elementor-widget-wrap elementor-element-populated\">\n\t\t\t\t\t\t<div class=\"elementor-element elementor-element-6b4a703 elementor-widget elementor-widget-image\" data-id=\"6b4a703\" data-element_type=\"widget\" data-e-type=\"widget\" data-widget_type=\"image.default\">\n\t\t\t\t<div class=\"elementor-widget-container\">\n\t\t\t\t\t\t\t\t\t\t\t\t\t\t\t<img loading=\"lazy\" decoding=\"async\" width=\"500\" height=\"238\" src=\"https:\/\/shamsgo.com\/wp-content\/uploads\/2023\/06\/visados-1.jpg\" class=\"attachment-large size-large wp-image-990\" alt=\"\" srcset=\"https:\/\/shamsgo.com\/wp-content\/uploads\/2023\/06\/visados-1.jpg 500w, https:\/\/shamsgo.com\/wp-content\/uploads\/2023\/06\/visados-1-300x143.jpg 300w\" sizes=\"(max-width: 500px) 100vw, 500px\" \/>\t\t\t\t\t\t\t\t\t\t\t\t\t\t\t<\/div>\n\t\t\t\t<\/div>\n\t\t\t\t<div class=\"elementor-element elementor-element-36349a1 elementor-widget elementor-widget-heading\" data-id=\"36349a1\" data-element_type=\"widget\" data-e-type=\"widget\" data-widget_type=\"heading.default\">\n\t\t\t\t<div class=\"elementor-widget-container\">\n\t\t\t\t\t<h2 class=\"elementor-heading-title elementor-size-default\">Visas et carte de s\u00e9jour<\/h2>\t\t\t\t<\/div>\n\t\t\t\t<\/div>\n\t\t\t\t\t<\/div>\n\t\t<\/div>\n\t\t\t\t<div class=\"elementor-column elementor-col-33 elementor-top-column elementor-element elementor-element-ddb7846\" data-id=\"ddb7846\" data-element_type=\"column\" data-e-type=\"column\">\n\t\t\t<div class=\"elementor-widget-wrap elementor-element-populated\">\n\t\t\t\t\t\t<div class=\"elementor-element elementor-element-a3f2214 elementor-widget elementor-widget-image\" data-id=\"a3f2214\" data-element_type=\"widget\" data-e-type=\"widget\" data-widget_type=\"image.default\">\n\t\t\t\t<div class=\"elementor-widget-container\">\n\t\t\t\t\t\t\t\t\t\t\t\t\t\t\t<img loading=\"lazy\" decoding=\"async\" width=\"500\" height=\"238\" src=\"https:\/\/shamsgo.com\/wp-content\/uploads\/2023\/06\/generales.jpg\" class=\"attachment-large size-large wp-image-991\" alt=\"\" srcset=\"https:\/\/shamsgo.com\/wp-content\/uploads\/2023\/06\/generales.jpg 500w, https:\/\/shamsgo.com\/wp-content\/uploads\/2023\/06\/generales-300x143.jpg 300w\" sizes=\"(max-width: 500px) 100vw, 500px\" \/>\t\t\t\t\t\t\t\t\t\t\t\t\t\t\t<\/div>\n\t\t\t\t<\/div>\n\t\t\t\t<div class=\"elementor-element elementor-element-050a58f elementor-widget elementor-widget-heading\" data-id=\"050a58f\" data-element_type=\"widget\" data-e-type=\"widget\" data-widget_type=\"heading.default\">\n\t\t\t\t<div class=\"elementor-widget-container\">\n\t\t\t\t\t<h2 class=\"elementor-heading-title elementor-size-default\">Services g\u00e9n\u00e9raux<\/h2>\t\t\t\t<\/div>\n\t\t\t\t<\/div>\n\t\t\t\t\t<\/div>\n\t\t<\/div>\n\t\t\t\t<div class=\"elementor-column elementor-col-33 elementor-top-column elementor-element elementor-element-af29781\" data-id=\"af29781\" data-element_type=\"column\" data-e-type=\"column\">\n\t\t\t<div class=\"elementor-widget-wrap elementor-element-populated\">\n\t\t\t\t\t\t<div class=\"elementor-element elementor-element-2e523d0 elementor-widget elementor-widget-image\" data-id=\"2e523d0\" data-element_type=\"widget\" data-e-type=\"widget\" data-widget_type=\"image.default\">\n\t\t\t\t<div class=\"elementor-widget-container\">\n\t\t\t\t\t\t\t\t\t\t\t\t\t\t\t<img loading=\"lazy\" decoding=\"async\" width=\"500\" height=\"238\" src=\"https:\/\/shamsgo.com\/wp-content\/uploads\/2023\/06\/traducciones-1.jpg\" class=\"attachment-large size-large wp-image-995\" alt=\"\" srcset=\"https:\/\/shamsgo.com\/wp-content\/uploads\/2023\/06\/traducciones-1.jpg 500w, https:\/\/shamsgo.com\/wp-content\/uploads\/2023\/06\/traducciones-1-300x143.jpg 300w\" sizes=\"(max-width: 500px) 100vw, 500px\" \/>\t\t\t\t\t\t\t\t\t\t\t\t\t\t\t<\/div>\n\t\t\t\t<\/div>\n\t\t\t\t<div class=\"elementor-element elementor-element-2e8a735 elementor-widget elementor-widget-heading\" data-id=\"2e8a735\" data-element_type=\"widget\" data-e-type=\"widget\" data-widget_type=\"heading.default\">\n\t\t\t\t<div class=\"elementor-widget-container\">\n\t\t\t\t\t<h2 class=\"elementor-heading-title elementor-size-default\">Traduction<\/h2>\t\t\t\t<\/div>\n\t\t\t\t<\/div>\n\t\t\t\t\t<\/div>\n\t\t<\/div>\n\t\t\t\t\t<\/div>\n\t\t<\/section>\n\t\t\t\t<\/div>\n\t\t","protected":false},"excerpt":{"rendered":"<p>Chez &#8220;Shams Barcelona&#8221;, nous travaillons avec une s\u00e9lection des meilleurs cabinets d&#8217;avocats et bureaux de services dans toute l&#8217;Espagne.Nous mettons toutes nos capacit\u00e9s et nos ressources au service de la satisfaction de nos clients \u00e0 tout moment.&#8220;Shams Barcelona propose les services de conseil suivants : Cr\u00e9ation d&#8217;entreprise Services de recherche et d&#8217;enqu\u00eate Recherche de partenaires [&hellip;]<\/p>\n","protected":false},"author":2,"featured_media":0,"parent":0,"menu_order":0,"comment_status":"closed","ping_status":"closed","template":"","meta":{"footnotes":""},"class_list":["post-877","page","type-page","status-publish","hentry"],"_links":{"self":[{"href":"https:\/\/shamsgo.com\/index.php?rest_route=\/wp\/v2\/pages\/877","targetHints":{"allow":["GET"]}}],"collection":[{"href":"https:\/\/shamsgo.com\/index.php?rest_route=\/wp\/v2\/pages"}],"about":[{"href":"https:\/\/shamsgo.com\/index.php?rest_route=\/wp\/v2\/types\/page"}],"author":[{"embeddable":true,"href":"https:\/\/shamsgo.com\/index.php?rest_route=\/wp\/v2\/users\/2"}],"replies":[{"embeddable":true,"href":"https:\/\/shamsgo.com\/index.php?rest_route=%2Fwp%2Fv2%2Fcomments&post=877"}],"version-history":[{"count":10,"href":"https:\/\/shamsgo.com\/index.php?rest_route=\/wp\/v2\/pages\/877\/revisions"}],"predecessor-version":[{"id":1004,"href":"https:\/\/shamsgo.com\/index.php?rest_route=\/wp\/v2\/pages\/877\/revisions\/1004"}],"wp:attachment":[{"href":"https:\/\/shamsgo.com\/index.php?rest_route=%2Fwp%2Fv2%2Fmedia&parent=877"}],"curies":[{"name":"wp","href":"https:\/\/api.w.org\/{rel}","templated":true}]}}