{"id":892,"date":"2023-06-04T11:56:42","date_gmt":"2023-06-04T11:56:42","guid":{"rendered":"https:\/\/shamsgo.com\/?page_id=892"},"modified":"2023-06-04T11:58:53","modified_gmt":"2023-06-04T11:58:53","slug":"formation","status":"publish","type":"page","link":"https:\/\/shamsgo.com\/?page_id=892&lang=fr","title":{"rendered":"Formation"},"content":{"rendered":"\t\t<div data-elementor-type=\"wp-page\" data-elementor-id=\"892\" class=\"elementor elementor-892\">\n\t\t\t\t\t\t<section class=\"elementor-section elementor-top-section elementor-element elementor-element-23cb4c8 elementor-section-boxed elementor-section-height-default elementor-section-height-default\" data-id=\"23cb4c8\" data-element_type=\"section\" data-e-type=\"section\">\n\t\t\t\t\t\t<div class=\"elementor-container elementor-column-gap-default\">\n\t\t\t\t\t<div class=\"elementor-column elementor-col-100 elementor-top-column elementor-element elementor-element-a8807d7\" data-id=\"a8807d7\" data-element_type=\"column\" data-e-type=\"column\">\n\t\t\t<div class=\"elementor-widget-wrap elementor-element-populated\">\n\t\t\t\t\t\t<div class=\"elementor-element elementor-element-8791901 elementor-widget elementor-widget-image\" data-id=\"8791901\" data-element_type=\"widget\" data-e-type=\"widget\" data-widget_type=\"image.default\">\n\t\t\t\t<div class=\"elementor-widget-container\">\n\t\t\t\t\t\t\t\t\t\t\t\t\t\t\t<img fetchpriority=\"high\" decoding=\"async\" width=\"800\" height=\"264\" src=\"https:\/\/shamsgo.com\/wp-content\/uploads\/2023\/05\/features_style_02-1024x338.jpg\" class=\"attachment-large size-large wp-image-574\" alt=\"\" srcset=\"https:\/\/shamsgo.com\/wp-content\/uploads\/2023\/05\/features_style_02-1024x338.jpg 1024w, https:\/\/shamsgo.com\/wp-content\/uploads\/2023\/05\/features_style_02-300x99.jpg 300w, https:\/\/shamsgo.com\/wp-content\/uploads\/2023\/05\/features_style_02-768x254.jpg 768w, https:\/\/shamsgo.com\/wp-content\/uploads\/2023\/05\/features_style_02.jpg 1150w\" sizes=\"(max-width: 800px) 100vw, 800px\" \/>\t\t\t\t\t\t\t\t\t\t\t\t\t\t\t<\/div>\n\t\t\t\t<\/div>\n\t\t\t\t\t<\/div>\n\t\t<\/div>\n\t\t\t\t\t<\/div>\n\t\t<\/section>\n\t\t\t\t<section class=\"elementor-section elementor-top-section elementor-element elementor-element-aeeb964 elementor-section-boxed elementor-section-height-default elementor-section-height-default\" data-id=\"aeeb964\" data-element_type=\"section\" data-e-type=\"section\">\n\t\t\t\t\t\t<div class=\"elementor-container elementor-column-gap-default\">\n\t\t\t\t\t<div class=\"elementor-column elementor-col-100 elementor-top-column elementor-element elementor-element-7db9cbb\" data-id=\"7db9cbb\" data-element_type=\"column\" data-e-type=\"column\">\n\t\t\t<div class=\"elementor-widget-wrap elementor-element-populated\">\n\t\t\t\t\t\t<div class=\"elementor-element elementor-element-931c128 elementor-widget elementor-widget-text-editor\" data-id=\"931c128\" data-element_type=\"widget\" data-e-type=\"widget\" data-widget_type=\"text-editor.default\">\n\t\t\t\t<div class=\"elementor-widget-container\">\n\t\t\t\t\t\t\t\t\t<p>Shams Barcelona&#8221; travaille dans le domaine de la formation et du d\u00e9veloppement (coaching).<br \/>Depuis des ann\u00e9es, avec un groupe d&#8217;enseignants et d&#8217;experts acad\u00e9miques distingu\u00e9s, conform\u00e9ment aux programmes de formation internationaux dans tous les domaines, et en collaboration avec des institutions, des instituts et des universit\u00e9s du monde entier.<br \/>&#8220;Shams Barcelona dispose de salles de formation et de coaching \u00e9quip\u00e9es des derni\u00e8res technologies, et accueille les participants dans des h\u00f4tels 4 ou 5 \u00e9toiles dans toute l&#8217;Espagne.<br \/>Shamsbarcelona offre :<\/p>\t\t\t\t\t\t\t\t<\/div>\n\t\t\t\t<\/div>\n\t\t\t\t\t<\/div>\n\t\t<\/div>\n\t\t\t\t\t<\/div>\n\t\t<\/section>\n\t\t\t\t<section class=\"elementor-section elementor-top-section elementor-element elementor-element-32e99aa elementor-section-boxed elementor-section-height-default elementor-section-height-default\" data-id=\"32e99aa\" data-element_type=\"section\" data-e-type=\"section\">\n\t\t\t\t\t\t<div class=\"elementor-container elementor-column-gap-default\">\n\t\t\t\t\t<div class=\"elementor-column elementor-col-33 elementor-top-column elementor-element elementor-element-5a0dd13\" data-id=\"5a0dd13\" data-element_type=\"column\" data-e-type=\"column\">\n\t\t\t<div class=\"elementor-widget-wrap elementor-element-populated\">\n\t\t\t\t\t\t<div class=\"elementor-element elementor-element-ee3c6b0 elementor-widget elementor-widget-image\" data-id=\"ee3c6b0\" data-element_type=\"widget\" data-e-type=\"widget\" data-widget_type=\"image.default\">\n\t\t\t\t<div class=\"elementor-widget-container\">\n\t\t\t\t\t\t\t\t\t\t\t\t\t\t\t<img decoding=\"async\" width=\"500\" height=\"238\" src=\"https:\/\/shamsgo.com\/wp-content\/uploads\/2023\/05\/formacion-1.jpg\" class=\"attachment-large size-large wp-image-583\" alt=\"\" srcset=\"https:\/\/shamsgo.com\/wp-content\/uploads\/2023\/05\/formacion-1.jpg 500w, https:\/\/shamsgo.com\/wp-content\/uploads\/2023\/05\/formacion-1-300x143.jpg 300w\" sizes=\"(max-width: 500px) 100vw, 500px\" \/>\t\t\t\t\t\t\t\t\t\t\t\t\t\t\t<\/div>\n\t\t\t\t<\/div>\n\t\t\t\t<div class=\"elementor-element elementor-element-fd847c9 elementor-widget elementor-widget-heading\" data-id=\"fd847c9\" data-element_type=\"widget\" data-e-type=\"widget\" data-widget_type=\"heading.default\">\n\t\t\t\t<div class=\"elementor-widget-container\">\n\t\t\t\t\t<h2 class=\"elementor-heading-title elementor-size-default\">Salles \u00e9quip\u00e9es de toutes les technologies modernes de formation<\/h2>\t\t\t\t<\/div>\n\t\t\t\t<\/div>\n\t\t\t\t\t<\/div>\n\t\t<\/div>\n\t\t\t\t<div class=\"elementor-column elementor-col-33 elementor-top-column elementor-element elementor-element-e3f67ee\" data-id=\"e3f67ee\" data-element_type=\"column\" data-e-type=\"column\">\n\t\t\t<div class=\"elementor-widget-wrap elementor-element-populated\">\n\t\t\t\t\t\t<div class=\"elementor-element elementor-element-22e4675 elementor-widget elementor-widget-image\" data-id=\"22e4675\" data-element_type=\"widget\" data-e-type=\"widget\" data-widget_type=\"image.default\">\n\t\t\t\t<div class=\"elementor-widget-container\">\n\t\t\t\t\t\t\t\t\t\t\t\t\t\t\t<img decoding=\"async\" width=\"500\" height=\"238\" src=\"https:\/\/shamsgo.com\/wp-content\/uploads\/2023\/05\/formacion-2.jpg\" class=\"attachment-large size-large wp-image-585\" alt=\"\" srcset=\"https:\/\/shamsgo.com\/wp-content\/uploads\/2023\/05\/formacion-2.jpg 500w, https:\/\/shamsgo.com\/wp-content\/uploads\/2023\/05\/formacion-2-300x143.jpg 300w\" sizes=\"(max-width: 500px) 100vw, 500px\" \/>\t\t\t\t\t\t\t\t\t\t\t\t\t\t\t<\/div>\n\t\t\t\t<\/div>\n\t\t\t\t<div class=\"elementor-element elementor-element-afd1eed elementor-widget elementor-widget-heading\" data-id=\"afd1eed\" data-element_type=\"widget\" data-e-type=\"widget\" data-widget_type=\"heading.default\">\n\t\t\t\t<div class=\"elementor-widget-container\">\n\t\t\t\t\t<h2 class=\"elementor-heading-title elementor-size-default\">Formation dans des h\u00f4tels 4 ou 5 \u00e9toiles dans toute l'Espagne<\/h2>\t\t\t\t<\/div>\n\t\t\t\t<\/div>\n\t\t\t\t\t<\/div>\n\t\t<\/div>\n\t\t\t\t<div class=\"elementor-column elementor-col-33 elementor-top-column elementor-element elementor-element-9df2b02\" data-id=\"9df2b02\" data-element_type=\"column\" data-e-type=\"column\">\n\t\t\t<div class=\"elementor-widget-wrap elementor-element-populated\">\n\t\t\t\t\t\t<div class=\"elementor-element elementor-element-f0d14b8 elementor-widget elementor-widget-image\" data-id=\"f0d14b8\" data-element_type=\"widget\" data-e-type=\"widget\" data-widget_type=\"image.default\">\n\t\t\t\t<div class=\"elementor-widget-container\">\n\t\t\t\t\t\t\t\t\t\t\t\t\t\t\t<img loading=\"lazy\" decoding=\"async\" width=\"500\" height=\"238\" src=\"https:\/\/shamsgo.com\/wp-content\/uploads\/2023\/05\/formacion-3.jpg\" class=\"attachment-large size-large wp-image-586\" alt=\"\" srcset=\"https:\/\/shamsgo.com\/wp-content\/uploads\/2023\/05\/formacion-3.jpg 500w, https:\/\/shamsgo.com\/wp-content\/uploads\/2023\/05\/formacion-3-300x143.jpg 300w\" sizes=\"(max-width: 500px) 100vw, 500px\" \/>\t\t\t\t\t\t\t\t\t\t\t\t\t\t\t<\/div>\n\t\t\t\t<\/div>\n\t\t\t\t<div class=\"elementor-element elementor-element-cf0d154 elementor-widget elementor-widget-heading\" data-id=\"cf0d154\" data-element_type=\"widget\" data-e-type=\"widget\" data-widget_type=\"heading.default\">\n\t\t\t\t<div class=\"elementor-widget-container\">\n\t\t\t\t\t<h2 class=\"elementor-heading-title elementor-size-default\">Experts et formateurs internationaux de haut niveau<\/h2>\t\t\t\t<\/div>\n\t\t\t\t<\/div>\n\t\t\t\t\t<\/div>\n\t\t<\/div>\n\t\t\t\t\t<\/div>\n\t\t<\/section>\n\t\t\t\t<section class=\"elementor-section elementor-top-section elementor-element elementor-element-8da31e5 elementor-section-boxed elementor-section-height-default elementor-section-height-default\" data-id=\"8da31e5\" data-element_type=\"section\" data-e-type=\"section\">\n\t\t\t\t\t\t<div class=\"elementor-container elementor-column-gap-default\">\n\t\t\t\t\t<div class=\"elementor-column elementor-col-33 elementor-top-column elementor-element elementor-element-fc75963\" data-id=\"fc75963\" data-element_type=\"column\" data-e-type=\"column\">\n\t\t\t<div class=\"elementor-widget-wrap elementor-element-populated\">\n\t\t\t\t\t\t<div class=\"elementor-element elementor-element-166cccc elementor-widget elementor-widget-image\" data-id=\"166cccc\" data-element_type=\"widget\" data-e-type=\"widget\" data-widget_type=\"image.default\">\n\t\t\t\t<div class=\"elementor-widget-container\">\n\t\t\t\t\t\t\t\t\t\t\t\t\t\t\t<img loading=\"lazy\" decoding=\"async\" width=\"500\" height=\"238\" src=\"https:\/\/shamsgo.com\/wp-content\/uploads\/2023\/05\/formacion-4.jpg\" class=\"attachment-large size-large wp-image-590\" alt=\"\" srcset=\"https:\/\/shamsgo.com\/wp-content\/uploads\/2023\/05\/formacion-4.jpg 500w, https:\/\/shamsgo.com\/wp-content\/uploads\/2023\/05\/formacion-4-300x143.jpg 300w\" sizes=\"(max-width: 500px) 100vw, 500px\" \/>\t\t\t\t\t\t\t\t\t\t\t\t\t\t\t<\/div>\n\t\t\t\t<\/div>\n\t\t\t\t<div class=\"elementor-element elementor-element-45973d5 elementor-widget elementor-widget-heading\" data-id=\"45973d5\" data-element_type=\"widget\" data-e-type=\"widget\" data-widget_type=\"heading.default\">\n\t\t\t\t<div class=\"elementor-widget-container\">\n\t\t\t\t\t<h2 class=\"elementor-heading-title elementor-size-default\">Formation dans tous les domaines<\/h2>\t\t\t\t<\/div>\n\t\t\t\t<\/div>\n\t\t\t\t\t<\/div>\n\t\t<\/div>\n\t\t\t\t<div class=\"elementor-column elementor-col-33 elementor-top-column elementor-element elementor-element-e10acdd\" data-id=\"e10acdd\" data-element_type=\"column\" data-e-type=\"column\">\n\t\t\t<div class=\"elementor-widget-wrap elementor-element-populated\">\n\t\t\t\t\t\t<div class=\"elementor-element elementor-element-387f3d2 elementor-widget elementor-widget-image\" data-id=\"387f3d2\" data-element_type=\"widget\" data-e-type=\"widget\" data-widget_type=\"image.default\">\n\t\t\t\t<div class=\"elementor-widget-container\">\n\t\t\t\t\t\t\t\t\t\t\t\t\t\t\t<img loading=\"lazy\" decoding=\"async\" width=\"500\" height=\"238\" src=\"https:\/\/shamsgo.com\/wp-content\/uploads\/2023\/05\/formacion-5.jpg\" class=\"attachment-large size-large wp-image-591\" alt=\"\" srcset=\"https:\/\/shamsgo.com\/wp-content\/uploads\/2023\/05\/formacion-5.jpg 500w, https:\/\/shamsgo.com\/wp-content\/uploads\/2023\/05\/formacion-5-300x143.jpg 300w\" sizes=\"(max-width: 500px) 100vw, 500px\" \/>\t\t\t\t\t\t\t\t\t\t\t\t\t\t\t<\/div>\n\t\t\t\t<\/div>\n\t\t\t\t<div class=\"elementor-element elementor-element-c008ba3 elementor-widget elementor-widget-heading\" data-id=\"c008ba3\" data-element_type=\"widget\" data-e-type=\"widget\" data-widget_type=\"heading.default\">\n\t\t\t\t<div class=\"elementor-widget-container\">\n\t\t\t\t\t<h2 class=\"elementor-heading-title elementor-size-default\">Collaboration avec des institutions, des instituts et des universit\u00e9s du monde entier<\/h2>\t\t\t\t<\/div>\n\t\t\t\t<\/div>\n\t\t\t\t\t<\/div>\n\t\t<\/div>\n\t\t\t\t<div class=\"elementor-column elementor-col-33 elementor-top-column elementor-element elementor-element-ad12e6a\" data-id=\"ad12e6a\" data-element_type=\"column\" data-e-type=\"column\">\n\t\t\t<div class=\"elementor-widget-wrap elementor-element-populated\">\n\t\t\t\t\t\t<div class=\"elementor-element elementor-element-368b02b elementor-widget elementor-widget-image\" data-id=\"368b02b\" data-element_type=\"widget\" data-e-type=\"widget\" data-widget_type=\"image.default\">\n\t\t\t\t<div class=\"elementor-widget-container\">\n\t\t\t\t\t\t\t\t\t\t\t\t\t\t\t<img loading=\"lazy\" decoding=\"async\" width=\"500\" height=\"238\" src=\"https:\/\/shamsgo.com\/wp-content\/uploads\/2023\/05\/formacion-6.jpg\" class=\"attachment-large size-large wp-image-596\" alt=\"\" srcset=\"https:\/\/shamsgo.com\/wp-content\/uploads\/2023\/05\/formacion-6.jpg 500w, https:\/\/shamsgo.com\/wp-content\/uploads\/2023\/05\/formacion-6-300x143.jpg 300w\" sizes=\"(max-width: 500px) 100vw, 500px\" \/>\t\t\t\t\t\t\t\t\t\t\t\t\t\t\t<\/div>\n\t\t\t\t<\/div>\n\t\t\t\t<div class=\"elementor-element elementor-element-51174b9 elementor-widget elementor-widget-heading\" data-id=\"51174b9\" data-element_type=\"widget\" data-e-type=\"widget\" data-widget_type=\"heading.default\">\n\t\t\t\t<div class=\"elementor-widget-container\">\n\t\t\t\t\t<h2 class=\"elementor-heading-title elementor-size-default\">Certificats et dipl\u00f4mes approuv\u00e9s par la CE<\/h2>\t\t\t\t<\/div>\n\t\t\t\t<\/div>\n\t\t\t\t\t<\/div>\n\t\t<\/div>\n\t\t\t\t\t<\/div>\n\t\t<\/section>\n\t\t\t\t<\/div>\n\t\t","protected":false},"excerpt":{"rendered":"<p>Shams Barcelona&#8221; travaille dans le domaine de la formation et du d\u00e9veloppement (coaching).Depuis des ann\u00e9es, avec un groupe d&#8217;enseignants et d&#8217;experts acad\u00e9miques distingu\u00e9s, conform\u00e9ment aux programmes de formation internationaux dans tous les domaines, et en collaboration avec des institutions, des instituts et des universit\u00e9s du monde entier.&#8220;Shams Barcelona dispose de salles de formation et de [&hellip;]<\/p>\n","protected":false},"author":2,"featured_media":0,"parent":0,"menu_order":0,"comment_status":"closed","ping_status":"closed","template":"","meta":{"footnotes":""},"class_list":["post-892","page","type-page","status-publish","hentry"],"_links":{"self":[{"href":"https:\/\/shamsgo.com\/index.php?rest_route=\/wp\/v2\/pages\/892","targetHints":{"allow":["GET"]}}],"collection":[{"href":"https:\/\/shamsgo.com\/index.php?rest_route=\/wp\/v2\/pages"}],"about":[{"href":"https:\/\/shamsgo.com\/index.php?rest_route=\/wp\/v2\/types\/page"}],"author":[{"embeddable":true,"href":"https:\/\/shamsgo.com\/index.php?rest_route=\/wp\/v2\/users\/2"}],"replies":[{"embeddable":true,"href":"https:\/\/shamsgo.com\/index.php?rest_route=%2Fwp%2Fv2%2Fcomments&post=892"}],"version-history":[{"count":4,"href":"https:\/\/shamsgo.com\/index.php?rest_route=\/wp\/v2\/pages\/892\/revisions"}],"predecessor-version":[{"id":896,"href":"https:\/\/shamsgo.com\/index.php?rest_route=\/wp\/v2\/pages\/892\/revisions\/896"}],"wp:attachment":[{"href":"https:\/\/shamsgo.com\/index.php?rest_route=%2Fwp%2Fv2%2Fmedia&parent=892"}],"curies":[{"name":"wp","href":"https:\/\/api.w.org\/{rel}","templated":true}]}}