{"id":9,"date":"2023-05-23T13:52:08","date_gmt":"2023-05-23T13:52:08","guid":{"rendered":"https:\/\/shamsgo.com\/?page_id=9"},"modified":"2023-06-25T14:21:24","modified_gmt":"2023-06-25T14:21:24","slug":"nosotros","status":"publish","type":"page","link":"https:\/\/shamsgo.com\/?page_id=9","title":{"rendered":"Nosotros"},"content":{"rendered":"\t\t<div data-elementor-type=\"wp-page\" data-elementor-id=\"9\" class=\"elementor elementor-9\">\n\t\t\t\t\t\t<section class=\"elementor-section elementor-top-section elementor-element elementor-element-c54ba73 elementor-section-height-min-height elementor-section-boxed elementor-section-height-default elementor-section-items-middle\" data-id=\"c54ba73\" data-element_type=\"section\" data-e-type=\"section\" data-settings=\"{&quot;background_background&quot;:&quot;classic&quot;,&quot;shape_divider_bottom&quot;:&quot;waves&quot;}\">\n\t\t\t\t\t\t\t<div class=\"elementor-background-overlay\"><\/div>\n\t\t\t\t\t\t<div class=\"elementor-shape elementor-shape-bottom\" aria-hidden=\"true\" data-negative=\"false\">\n\t\t\t<svg xmlns=\"http:\/\/www.w3.org\/2000\/svg\" viewBox=\"0 0 1000 100\" preserveAspectRatio=\"none\">\n\t<path class=\"elementor-shape-fill\" d=\"M421.9,6.5c22.6-2.5,51.5,0.4,75.5,5.3c23.6,4.9,70.9,23.5,100.5,35.7c75.8,32.2,133.7,44.5,192.6,49.7\n\tc23.6,2.1,48.7,3.5,103.4-2.5c54.7-6,106.2-25.6,106.2-25.6V0H0v30.3c0,0,72,32.6,158.4,30.5c39.2-0.7,92.8-6.7,134-22.4\n\tc21.2-8.1,52.2-18.2,79.7-24.2C399.3,7.9,411.6,7.5,421.9,6.5z\"\/>\n<\/svg>\t\t<\/div>\n\t\t\t\t\t<div class=\"elementor-container elementor-column-gap-default\">\n\t\t\t\t\t<div class=\"elementor-column elementor-col-100 elementor-top-column elementor-element elementor-element-e9779c6\" data-id=\"e9779c6\" data-element_type=\"column\" data-e-type=\"column\">\n\t\t\t<div class=\"elementor-widget-wrap elementor-element-populated\">\n\t\t\t\t\t\t<div class=\"elementor-element elementor-element-07f6f65 elementor-widget elementor-widget-heading\" data-id=\"07f6f65\" data-element_type=\"widget\" data-e-type=\"widget\" data-widget_type=\"heading.default\">\n\t\t\t\t<div class=\"elementor-widget-container\">\n\t\t\t\t\t<h1 class=\"elementor-heading-title elementor-size-default\"> Nuestra empresa<\/h1>\t\t\t\t<\/div>\n\t\t\t\t<\/div>\n\t\t\t\t<div class=\"elementor-element elementor-element-a6018a9 elementor-widget elementor-widget-heading\" data-id=\"a6018a9\" data-element_type=\"widget\" data-e-type=\"widget\" data-widget_type=\"heading.default\">\n\t\t\t\t<div class=\"elementor-widget-container\">\n\t\t\t\t\t<h3 class=\"elementor-heading-title elementor-size-default\">Dedicaci\u00f3n, Calidad, Compromiso y Profesionalidad<\/h3>\t\t\t\t<\/div>\n\t\t\t\t<\/div>\n\t\t\t\t\t<\/div>\n\t\t<\/div>\n\t\t\t\t\t<\/div>\n\t\t<\/section>\n\t\t\t\t<section class=\"elementor-section elementor-top-section elementor-element elementor-element-9801ca elementor-section-content-middle elementor-section-boxed elementor-section-height-default elementor-section-height-default\" data-id=\"9801ca\" data-element_type=\"section\" data-e-type=\"section\" data-settings=\"{&quot;background_background&quot;:&quot;classic&quot;}\">\n\t\t\t\t\t\t<div class=\"elementor-container elementor-column-gap-extended\">\n\t\t\t\t\t<div class=\"elementor-column elementor-col-50 elementor-top-column elementor-element elementor-element-2345ee90\" data-id=\"2345ee90\" data-element_type=\"column\" data-e-type=\"column\">\n\t\t\t<div class=\"elementor-widget-wrap elementor-element-populated\">\n\t\t\t\t\t\t<div class=\"elementor-element elementor-element-1faa5e3a elementor-widget elementor-widget-image\" data-id=\"1faa5e3a\" data-element_type=\"widget\" data-e-type=\"widget\" data-widget_type=\"image.default\">\n\t\t\t\t<div class=\"elementor-widget-container\">\n\t\t\t\t\t\t\t\t\t\t\t\t\t\t\t<img fetchpriority=\"high\" decoding=\"async\" width=\"2560\" height=\"1707\" src=\"https:\/\/shamsgo.com\/wp-content\/uploads\/2023\/06\/pexels-aleksandar-pasaric-1388030-scaled.jpg\" class=\"attachment-full size-full wp-image-1259\" alt=\"\" srcset=\"https:\/\/shamsgo.com\/wp-content\/uploads\/2023\/06\/pexels-aleksandar-pasaric-1388030-scaled.jpg 2560w, https:\/\/shamsgo.com\/wp-content\/uploads\/2023\/06\/pexels-aleksandar-pasaric-1388030-300x200.jpg 300w, https:\/\/shamsgo.com\/wp-content\/uploads\/2023\/06\/pexels-aleksandar-pasaric-1388030-1024x683.jpg 1024w, https:\/\/shamsgo.com\/wp-content\/uploads\/2023\/06\/pexels-aleksandar-pasaric-1388030-768x512.jpg 768w, https:\/\/shamsgo.com\/wp-content\/uploads\/2023\/06\/pexels-aleksandar-pasaric-1388030-1536x1024.jpg 1536w, https:\/\/shamsgo.com\/wp-content\/uploads\/2023\/06\/pexels-aleksandar-pasaric-1388030-2048x1365.jpg 2048w\" sizes=\"(max-width: 2560px) 100vw, 2560px\" \/>\t\t\t\t\t\t\t\t\t\t\t\t\t\t\t<\/div>\n\t\t\t\t<\/div>\n\t\t\t\t\t<\/div>\n\t\t<\/div>\n\t\t\t\t<div class=\"elementor-column elementor-col-50 elementor-top-column elementor-element elementor-element-1da6364c\" data-id=\"1da6364c\" data-element_type=\"column\" data-e-type=\"column\">\n\t\t\t<div class=\"elementor-widget-wrap elementor-element-populated\">\n\t\t\t\t\t\t<div class=\"elementor-element elementor-element-702c6773 elementor-invisible elementor-widget elementor-widget-heading\" data-id=\"702c6773\" data-element_type=\"widget\" data-e-type=\"widget\" data-settings=\"{&quot;_animation&quot;:&quot;fadeInDown&quot;}\" data-widget_type=\"heading.default\">\n\t\t\t\t<div class=\"elementor-widget-container\">\n\t\t\t\t\t<h2 class=\"elementor-heading-title elementor-size-default\">Nuestra Experiencia<\/h2>\t\t\t\t<\/div>\n\t\t\t\t<\/div>\n\t\t\t\t<div class=\"elementor-element elementor-element-467ed310 elementor-widget elementor-widget-text-editor\" data-id=\"467ed310\" data-element_type=\"widget\" data-e-type=\"widget\" data-widget_type=\"text-editor.default\">\n\t\t\t\t<div class=\"elementor-widget-container\">\n\t\t\t\t\t\t\t\t\t<p>ShamsBarcelona es un grupo de empresas y expertos que han acumulado los conocimientos y la experiencia de muchos a\u00f1os de arduo trabajo, para dedicar toda la capacidad, los recursos y nuestros esfuerzos para conseguir el beneficio de nuestros clientes en todo momento. En ShamsBarcelona creemos que el trabajo en equipo, la comunicaci\u00f3n, el liderazgo, son la base de un equipo eficaz. Nos encanta dise\u00f1ar proyectos a la medida de las necesidades de nuestros clientes porque as\u00ed aseguramos una experiencia positiva.<\/p>\t\t\t\t\t\t\t\t<\/div>\n\t\t\t\t<\/div>\n\t\t\t\t\t<\/div>\n\t\t<\/div>\n\t\t\t\t\t<\/div>\n\t\t<\/section>\n\t\t\t\t<section class=\"elementor-section elementor-top-section elementor-element elementor-element-ee53c25 elementor-section-content-middle elementor-reverse-mobile elementor-section-boxed elementor-section-height-default elementor-section-height-default\" data-id=\"ee53c25\" data-element_type=\"section\" data-e-type=\"section\">\n\t\t\t\t\t\t<div class=\"elementor-container elementor-column-gap-extended\">\n\t\t\t\t\t<div class=\"elementor-column elementor-col-50 elementor-top-column elementor-element elementor-element-3d417c91\" data-id=\"3d417c91\" data-element_type=\"column\" data-e-type=\"column\">\n\t\t\t<div class=\"elementor-widget-wrap elementor-element-populated\">\n\t\t\t\t\t\t<div class=\"elementor-element elementor-element-4e5b4199 elementor-invisible elementor-widget elementor-widget-heading\" data-id=\"4e5b4199\" data-element_type=\"widget\" data-e-type=\"widget\" data-settings=\"{&quot;_animation&quot;:&quot;fadeInDown&quot;}\" data-widget_type=\"heading.default\">\n\t\t\t\t<div class=\"elementor-widget-container\">\n\t\t\t\t\t<h2 class=\"elementor-heading-title elementor-size-default\">Nuestra Filosof\u00eda <\/h2>\t\t\t\t<\/div>\n\t\t\t\t<\/div>\n\t\t\t\t<div class=\"elementor-element elementor-element-6308eab5 elementor-widget elementor-widget-text-editor\" data-id=\"6308eab5\" data-element_type=\"widget\" data-e-type=\"widget\" data-widget_type=\"text-editor.default\">\n\t\t\t\t<div class=\"elementor-widget-container\">\n\t\t\t\t\t\t\t\t\t<p>Seg\u00fan nuestra filosof\u00eda, la clave est\u00e1 en trabajar en lo que te guste, en lo que te apasione y al que puedas dedicarle mucho tiempo sin importarte el esfuerzo porque te entusiasma lo que haces. El \u00e9xito est\u00e1 en hacer lo que a uno le gusta. Eso es parte de nuestra filosof\u00eda, nuestra empresa se sustenta en una serie de valores que intentamos seguir con el m\u00e1ximo rigor, dos de ellos en los que nos esforzamos m\u00e1s son la Honestidad y la Orientaci\u00f3n al cliente. De esta manera, siempre habr\u00e1 gente dispuesta a disfrutar la experiencia con nosotros.<\/p>\t\t\t\t\t\t\t\t<\/div>\n\t\t\t\t<\/div>\n\t\t\t\t\t<\/div>\n\t\t<\/div>\n\t\t\t\t<div class=\"elementor-column elementor-col-50 elementor-top-column elementor-element elementor-element-f519dcf\" data-id=\"f519dcf\" data-element_type=\"column\" data-e-type=\"column\">\n\t\t\t<div class=\"elementor-widget-wrap elementor-element-populated\">\n\t\t\t\t\t\t<div class=\"elementor-element elementor-element-b6c6b1c elementor-widget elementor-widget-image\" data-id=\"b6c6b1c\" data-element_type=\"widget\" data-e-type=\"widget\" data-widget_type=\"image.default\">\n\t\t\t\t<div class=\"elementor-widget-container\">\n\t\t\t\t\t\t\t\t\t\t\t\t\t\t\t<img decoding=\"async\" width=\"2560\" height=\"1707\" src=\"https:\/\/shamsgo.com\/wp-content\/uploads\/2023\/05\/pexels-saya-kimura-401107-scaled.jpg\" class=\"attachment-full size-full wp-image-375\" alt=\"\" srcset=\"https:\/\/shamsgo.com\/wp-content\/uploads\/2023\/05\/pexels-saya-kimura-401107-scaled.jpg 2560w, https:\/\/shamsgo.com\/wp-content\/uploads\/2023\/05\/pexels-saya-kimura-401107-300x200.jpg 300w, https:\/\/shamsgo.com\/wp-content\/uploads\/2023\/05\/pexels-saya-kimura-401107-1024x683.jpg 1024w, https:\/\/shamsgo.com\/wp-content\/uploads\/2023\/05\/pexels-saya-kimura-401107-768x512.jpg 768w, https:\/\/shamsgo.com\/wp-content\/uploads\/2023\/05\/pexels-saya-kimura-401107-1536x1024.jpg 1536w, https:\/\/shamsgo.com\/wp-content\/uploads\/2023\/05\/pexels-saya-kimura-401107-2048x1365.jpg 2048w\" sizes=\"(max-width: 2560px) 100vw, 2560px\" \/>\t\t\t\t\t\t\t\t\t\t\t\t\t\t\t<\/div>\n\t\t\t\t<\/div>\n\t\t\t\t\t<\/div>\n\t\t<\/div>\n\t\t\t\t\t<\/div>\n\t\t<\/section>\n\t\t\t\t<\/div>\n\t\t","protected":false},"excerpt":{"rendered":"<p>Nuestra empresa Dedicaci\u00f3n, Calidad, Compromiso y Profesionalidad Nuestra Experiencia ShamsBarcelona es un grupo de empresas y expertos que han acumulado los conocimientos y la experiencia de muchos a\u00f1os de arduo trabajo, para dedicar toda la capacidad, los recursos y nuestros esfuerzos para conseguir el beneficio de nuestros clientes en todo momento. En ShamsBarcelona creemos que [&hellip;]<\/p>\n","protected":false},"author":2,"featured_media":0,"parent":0,"menu_order":0,"comment_status":"closed","ping_status":"closed","template":"","meta":{"footnotes":""},"class_list":["post-9","page","type-page","status-publish","hentry"],"_links":{"self":[{"href":"https:\/\/shamsgo.com\/index.php?rest_route=\/wp\/v2\/pages\/9","targetHints":{"allow":["GET"]}}],"collection":[{"href":"https:\/\/shamsgo.com\/index.php?rest_route=\/wp\/v2\/pages"}],"about":[{"href":"https:\/\/shamsgo.com\/index.php?rest_route=\/wp\/v2\/types\/page"}],"author":[{"embeddable":true,"href":"https:\/\/shamsgo.com\/index.php?rest_route=\/wp\/v2\/users\/2"}],"replies":[{"embeddable":true,"href":"https:\/\/shamsgo.com\/index.php?rest_route=%2Fwp%2Fv2%2Fcomments&post=9"}],"version-history":[{"count":49,"href":"https:\/\/shamsgo.com\/index.php?rest_route=\/wp\/v2\/pages\/9\/revisions"}],"predecessor-version":[{"id":1289,"href":"https:\/\/shamsgo.com\/index.php?rest_route=\/wp\/v2\/pages\/9\/revisions\/1289"}],"wp:attachment":[{"href":"https:\/\/shamsgo.com\/index.php?rest_route=%2Fwp%2Fv2%2Fmedia&parent=9"}],"curies":[{"name":"wp","href":"https:\/\/api.w.org\/{rel}","templated":true}]}}