{"id":903,"date":"2023-06-04T12:05:48","date_gmt":"2023-06-04T12:05:48","guid":{"rendered":"https:\/\/shamsgo.com\/?page_id=903"},"modified":"2023-06-04T17:41:51","modified_gmt":"2023-06-04T17:41:51","slug":"evenements","status":"publish","type":"page","link":"https:\/\/shamsgo.com\/?page_id=903&lang=fr","title":{"rendered":"Ev\u00e9nements"},"content":{"rendered":"\t\t<div data-elementor-type=\"wp-page\" data-elementor-id=\"903\" class=\"elementor elementor-903\">\n\t\t\t\t\t\t<section class=\"elementor-section elementor-top-section elementor-element elementor-element-de80205 elementor-section-boxed elementor-section-height-default elementor-section-height-default\" data-id=\"de80205\" data-element_type=\"section\" data-e-type=\"section\">\n\t\t\t\t\t\t<div class=\"elementor-container elementor-column-gap-default\">\n\t\t\t\t\t<div class=\"elementor-column elementor-col-100 elementor-top-column elementor-element elementor-element-7062e0b\" data-id=\"7062e0b\" data-element_type=\"column\" data-e-type=\"column\">\n\t\t\t<div class=\"elementor-widget-wrap elementor-element-populated\">\n\t\t\t\t\t\t<div class=\"elementor-element elementor-element-bfbb9a2 elementor-widget elementor-widget-image\" data-id=\"bfbb9a2\" data-element_type=\"widget\" data-e-type=\"widget\" data-widget_type=\"image.default\">\n\t\t\t\t<div class=\"elementor-widget-container\">\n\t\t\t\t\t\t\t\t\t\t\t\t\t\t\t<img fetchpriority=\"high\" decoding=\"async\" width=\"800\" height=\"264\" src=\"https:\/\/shamsgo.com\/wp-content\/uploads\/2023\/05\/features_style_01-1-1024x338.jpg\" class=\"attachment-large size-large wp-image-643\" alt=\"\" srcset=\"https:\/\/shamsgo.com\/wp-content\/uploads\/2023\/05\/features_style_01-1-1024x338.jpg 1024w, https:\/\/shamsgo.com\/wp-content\/uploads\/2023\/05\/features_style_01-1-300x99.jpg 300w, https:\/\/shamsgo.com\/wp-content\/uploads\/2023\/05\/features_style_01-1-768x254.jpg 768w, https:\/\/shamsgo.com\/wp-content\/uploads\/2023\/05\/features_style_01-1.jpg 1150w\" sizes=\"(max-width: 800px) 100vw, 800px\" \/>\t\t\t\t\t\t\t\t\t\t\t\t\t\t\t<\/div>\n\t\t\t\t<\/div>\n\t\t\t\t\t<\/div>\n\t\t<\/div>\n\t\t\t\t\t<\/div>\n\t\t<\/section>\n\t\t\t\t<section class=\"elementor-section elementor-top-section elementor-element elementor-element-71daaae elementor-section-boxed elementor-section-height-default elementor-section-height-default\" data-id=\"71daaae\" data-element_type=\"section\" data-e-type=\"section\">\n\t\t\t\t\t\t<div class=\"elementor-container elementor-column-gap-default\">\n\t\t\t\t\t<div class=\"elementor-column elementor-col-100 elementor-top-column elementor-element elementor-element-fc0c98d\" data-id=\"fc0c98d\" data-element_type=\"column\" data-e-type=\"column\">\n\t\t\t<div class=\"elementor-widget-wrap elementor-element-populated\">\n\t\t\t\t\t\t<div class=\"elementor-element elementor-element-d55af4b elementor-widget elementor-widget-text-editor\" data-id=\"d55af4b\" data-element_type=\"widget\" data-e-type=\"widget\" data-widget_type=\"text-editor.default\">\n\t\t\t\t<div class=\"elementor-widget-container\">\n\t\t\t\t\t\t\t\t\t<p>&#8220;Shams Barcelona est une entreprise leader et int\u00e9gr\u00e9e dans l&#8217;organisation de grandes expositions, de conf\u00e9rences et d&#8217;\u00e9v\u00e9nements sportifs, qu&#8217;ils soient priv\u00e9s ou d&#8217;entreprise.<br \/>Elle s&#8217;occupe \u00e9galement de la publicit\u00e9, de la conception, de l&#8217;organisation d&#8217;expositions et de l&#8217;ex\u00e9cution de toutes les questions de logistique et de s\u00e9curit\u00e9.<br \/>Elle est \u00e9galement charg\u00e9e d&#8217;inviter des personnalit\u00e9s \u00e9minentes \u00e0 inaugurer des expositions, des conf\u00e9rences et des \u00e9v\u00e9nements sportifs. Chez &#8220;Shams Barcelona&#8221;, nous sommes ouverts \u00e0 toutes les suggestions et opinions.<\/p>\t\t\t\t\t\t\t\t<\/div>\n\t\t\t\t<\/div>\n\t\t\t\t\t<\/div>\n\t\t<\/div>\n\t\t\t\t\t<\/div>\n\t\t<\/section>\n\t\t\t\t<section class=\"elementor-section elementor-top-section elementor-element elementor-element-8917a85 elementor-section-boxed elementor-section-height-default elementor-section-height-default\" data-id=\"8917a85\" data-element_type=\"section\" data-e-type=\"section\">\n\t\t\t\t\t\t<div class=\"elementor-container elementor-column-gap-default\">\n\t\t\t\t\t<div class=\"elementor-column elementor-col-33 elementor-top-column elementor-element elementor-element-9206b6d\" data-id=\"9206b6d\" data-element_type=\"column\" data-e-type=\"column\">\n\t\t\t<div class=\"elementor-widget-wrap elementor-element-populated\">\n\t\t\t\t\t\t<div class=\"elementor-element elementor-element-8ebae12 elementor-widget elementor-widget-image\" data-id=\"8ebae12\" data-element_type=\"widget\" data-e-type=\"widget\" data-widget_type=\"image.default\">\n\t\t\t\t<div class=\"elementor-widget-container\">\n\t\t\t\t\t\t\t\t\t\t\t\t\t\t\t<img decoding=\"async\" width=\"500\" height=\"238\" src=\"https:\/\/shamsgo.com\/wp-content\/uploads\/2023\/05\/eventos-1-1.jpg\" class=\"attachment-large size-large wp-image-650\" alt=\"\" srcset=\"https:\/\/shamsgo.com\/wp-content\/uploads\/2023\/05\/eventos-1-1.jpg 500w, https:\/\/shamsgo.com\/wp-content\/uploads\/2023\/05\/eventos-1-1-300x143.jpg 300w\" sizes=\"(max-width: 500px) 100vw, 500px\" \/>\t\t\t\t\t\t\t\t\t\t\t\t\t\t\t<\/div>\n\t\t\t\t<\/div>\n\t\t\t\t<div class=\"elementor-element elementor-element-9eb7c90 elementor-widget elementor-widget-heading\" data-id=\"9eb7c90\" data-element_type=\"widget\" data-e-type=\"widget\" data-widget_type=\"heading.default\">\n\t\t\t\t<div class=\"elementor-widget-container\">\n\t\t\t\t\t<h2 class=\"elementor-heading-title elementor-size-default\">Organisation et conception des espaces d'exposition<\/h2>\t\t\t\t<\/div>\n\t\t\t\t<\/div>\n\t\t\t\t\t<\/div>\n\t\t<\/div>\n\t\t\t\t<div class=\"elementor-column elementor-col-33 elementor-top-column elementor-element elementor-element-6fb011f\" data-id=\"6fb011f\" data-element_type=\"column\" data-e-type=\"column\">\n\t\t\t<div class=\"elementor-widget-wrap elementor-element-populated\">\n\t\t\t\t\t\t<div class=\"elementor-element elementor-element-0a0bacd elementor-widget elementor-widget-image\" data-id=\"0a0bacd\" data-element_type=\"widget\" data-e-type=\"widget\" data-widget_type=\"image.default\">\n\t\t\t\t<div class=\"elementor-widget-container\">\n\t\t\t\t\t\t\t\t\t\t\t\t\t\t\t<img decoding=\"async\" width=\"500\" height=\"238\" src=\"https:\/\/shamsgo.com\/wp-content\/uploads\/2023\/05\/eventos-2-1.jpg\" class=\"attachment-large size-large wp-image-651\" alt=\"\" srcset=\"https:\/\/shamsgo.com\/wp-content\/uploads\/2023\/05\/eventos-2-1.jpg 500w, https:\/\/shamsgo.com\/wp-content\/uploads\/2023\/05\/eventos-2-1-300x143.jpg 300w\" sizes=\"(max-width: 500px) 100vw, 500px\" \/>\t\t\t\t\t\t\t\t\t\t\t\t\t\t\t<\/div>\n\t\t\t\t<\/div>\n\t\t\t\t<div class=\"elementor-element elementor-element-3020daa elementor-widget elementor-widget-heading\" data-id=\"3020daa\" data-element_type=\"widget\" data-e-type=\"widget\" data-widget_type=\"heading.default\">\n\t\t\t\t<div class=\"elementor-widget-container\">\n\t\t\t\t\t<h2 class=\"elementor-heading-title elementor-size-default\">Organisation de conf\u00e9rences<\/h2>\t\t\t\t<\/div>\n\t\t\t\t<\/div>\n\t\t\t\t\t<\/div>\n\t\t<\/div>\n\t\t\t\t<div class=\"elementor-column elementor-col-33 elementor-top-column elementor-element elementor-element-d82a09c\" data-id=\"d82a09c\" data-element_type=\"column\" data-e-type=\"column\">\n\t\t\t<div class=\"elementor-widget-wrap elementor-element-populated\">\n\t\t\t\t\t\t<div class=\"elementor-element elementor-element-a997068 elementor-widget elementor-widget-image\" data-id=\"a997068\" data-element_type=\"widget\" data-e-type=\"widget\" data-widget_type=\"image.default\">\n\t\t\t\t<div class=\"elementor-widget-container\">\n\t\t\t\t\t\t\t\t\t\t\t\t\t\t\t<img loading=\"lazy\" decoding=\"async\" width=\"500\" height=\"238\" src=\"https:\/\/shamsgo.com\/wp-content\/uploads\/2023\/05\/eventos-6-1.jpg\" class=\"attachment-large size-large wp-image-652\" alt=\"\" srcset=\"https:\/\/shamsgo.com\/wp-content\/uploads\/2023\/05\/eventos-6-1.jpg 500w, https:\/\/shamsgo.com\/wp-content\/uploads\/2023\/05\/eventos-6-1-300x143.jpg 300w\" sizes=\"(max-width: 500px) 100vw, 500px\" \/>\t\t\t\t\t\t\t\t\t\t\t\t\t\t\t<\/div>\n\t\t\t\t<\/div>\n\t\t\t\t<div class=\"elementor-element elementor-element-07f338e elementor-widget elementor-widget-heading\" data-id=\"07f338e\" data-element_type=\"widget\" data-e-type=\"widget\" data-widget_type=\"heading.default\">\n\t\t\t\t<div class=\"elementor-widget-container\">\n\t\t\t\t\t<h2 class=\"elementor-heading-title elementor-size-default\">Organisation d'\u00e9v\u00e9nements sportifs<\/h2>\t\t\t\t<\/div>\n\t\t\t\t<\/div>\n\t\t\t\t\t<\/div>\n\t\t<\/div>\n\t\t\t\t\t<\/div>\n\t\t<\/section>\n\t\t\t\t<section class=\"elementor-section elementor-top-section elementor-element elementor-element-2dc20ad elementor-section-boxed elementor-section-height-default elementor-section-height-default\" data-id=\"2dc20ad\" data-element_type=\"section\" data-e-type=\"section\">\n\t\t\t\t\t\t<div class=\"elementor-container elementor-column-gap-default\">\n\t\t\t\t\t<div class=\"elementor-column elementor-col-33 elementor-top-column elementor-element elementor-element-9883a5e\" data-id=\"9883a5e\" data-element_type=\"column\" data-e-type=\"column\">\n\t\t\t<div class=\"elementor-widget-wrap elementor-element-populated\">\n\t\t\t\t\t\t<div class=\"elementor-element elementor-element-3115a70 elementor-widget elementor-widget-image\" data-id=\"3115a70\" data-element_type=\"widget\" data-e-type=\"widget\" data-widget_type=\"image.default\">\n\t\t\t\t<div class=\"elementor-widget-container\">\n\t\t\t\t\t\t\t\t\t\t\t\t\t\t\t<img loading=\"lazy\" decoding=\"async\" width=\"500\" height=\"238\" src=\"https:\/\/shamsgo.com\/wp-content\/uploads\/2023\/05\/eventos-3-1.jpg\" class=\"attachment-large size-large wp-image-656\" alt=\"\" srcset=\"https:\/\/shamsgo.com\/wp-content\/uploads\/2023\/05\/eventos-3-1.jpg 500w, https:\/\/shamsgo.com\/wp-content\/uploads\/2023\/05\/eventos-3-1-300x143.jpg 300w\" sizes=\"(max-width: 500px) 100vw, 500px\" \/>\t\t\t\t\t\t\t\t\t\t\t\t\t\t\t<\/div>\n\t\t\t\t<\/div>\n\t\t\t\t<div class=\"elementor-element elementor-element-3f69972 elementor-widget elementor-widget-heading\" data-id=\"3f69972\" data-element_type=\"widget\" data-e-type=\"widget\" data-widget_type=\"heading.default\">\n\t\t\t\t<div class=\"elementor-widget-container\">\n\t\t\t\t\t<h2 class=\"elementor-heading-title elementor-size-default\">Conception modulaire du stand<\/h2>\t\t\t\t<\/div>\n\t\t\t\t<\/div>\n\t\t\t\t\t<\/div>\n\t\t<\/div>\n\t\t\t\t<div class=\"elementor-column elementor-col-33 elementor-top-column elementor-element elementor-element-6275fdc\" data-id=\"6275fdc\" data-element_type=\"column\" data-e-type=\"column\">\n\t\t\t<div class=\"elementor-widget-wrap elementor-element-populated\">\n\t\t\t\t\t\t<div class=\"elementor-element elementor-element-83cba8b elementor-widget elementor-widget-image\" data-id=\"83cba8b\" data-element_type=\"widget\" data-e-type=\"widget\" data-widget_type=\"image.default\">\n\t\t\t\t<div class=\"elementor-widget-container\">\n\t\t\t\t\t\t\t\t\t\t\t\t\t\t\t<img loading=\"lazy\" decoding=\"async\" width=\"500\" height=\"238\" src=\"https:\/\/shamsgo.com\/wp-content\/uploads\/2023\/05\/eventos-4-1.jpg\" class=\"attachment-large size-large wp-image-660\" alt=\"\" srcset=\"https:\/\/shamsgo.com\/wp-content\/uploads\/2023\/05\/eventos-4-1.jpg 500w, https:\/\/shamsgo.com\/wp-content\/uploads\/2023\/05\/eventos-4-1-300x143.jpg 300w\" sizes=\"(max-width: 500px) 100vw, 500px\" \/>\t\t\t\t\t\t\t\t\t\t\t\t\t\t\t<\/div>\n\t\t\t\t<\/div>\n\t\t\t\t<div class=\"elementor-element elementor-element-ed1ae01 elementor-widget elementor-widget-heading\" data-id=\"ed1ae01\" data-element_type=\"widget\" data-e-type=\"widget\" data-widget_type=\"heading.default\">\n\t\t\t\t<div class=\"elementor-widget-container\">\n\t\t\t\t\t<h2 class=\"elementor-heading-title elementor-size-default\">S\u00e9curit\u00e9 priv\u00e9e et escortes<\/h2>\t\t\t\t<\/div>\n\t\t\t\t<\/div>\n\t\t\t\t\t<\/div>\n\t\t<\/div>\n\t\t\t\t<div class=\"elementor-column elementor-col-33 elementor-top-column elementor-element elementor-element-fe36732\" data-id=\"fe36732\" data-element_type=\"column\" data-e-type=\"column\">\n\t\t\t<div class=\"elementor-widget-wrap elementor-element-populated\">\n\t\t\t\t\t\t<div class=\"elementor-element elementor-element-e1d2b9e elementor-widget elementor-widget-image\" data-id=\"e1d2b9e\" data-element_type=\"widget\" data-e-type=\"widget\" data-widget_type=\"image.default\">\n\t\t\t\t<div class=\"elementor-widget-container\">\n\t\t\t\t\t\t\t\t\t\t\t\t\t\t\t<img loading=\"lazy\" decoding=\"async\" width=\"500\" height=\"238\" src=\"https:\/\/shamsgo.com\/wp-content\/uploads\/2023\/05\/eventos-5-1.jpg\" class=\"attachment-large size-large wp-image-664\" alt=\"\" srcset=\"https:\/\/shamsgo.com\/wp-content\/uploads\/2023\/05\/eventos-5-1.jpg 500w, https:\/\/shamsgo.com\/wp-content\/uploads\/2023\/05\/eventos-5-1-300x143.jpg 300w\" sizes=\"(max-width: 500px) 100vw, 500px\" \/>\t\t\t\t\t\t\t\t\t\t\t\t\t\t\t<\/div>\n\t\t\t\t<\/div>\n\t\t\t\t<div class=\"elementor-element elementor-element-17253e1 elementor-widget elementor-widget-heading\" data-id=\"17253e1\" data-element_type=\"widget\" data-e-type=\"widget\" data-widget_type=\"heading.default\">\n\t\t\t\t<div class=\"elementor-widget-container\">\n\t\t\t\t\t<h2 class=\"elementor-heading-title elementor-size-default\">Production de mat\u00e9riel publicitaire<\/h2>\t\t\t\t<\/div>\n\t\t\t\t<\/div>\n\t\t\t\t\t<\/div>\n\t\t<\/div>\n\t\t\t\t\t<\/div>\n\t\t<\/section>\n\t\t\t\t<\/div>\n\t\t","protected":false},"excerpt":{"rendered":"<p>&#8220;Shams Barcelona est une entreprise leader et int\u00e9gr\u00e9e dans l&#8217;organisation de grandes expositions, de conf\u00e9rences et d&#8217;\u00e9v\u00e9nements sportifs, qu&#8217;ils soient priv\u00e9s ou d&#8217;entreprise.Elle s&#8217;occupe \u00e9galement de la publicit\u00e9, de la conception, de l&#8217;organisation d&#8217;expositions et de l&#8217;ex\u00e9cution de toutes les questions de logistique et de s\u00e9curit\u00e9.Elle est \u00e9galement charg\u00e9e d&#8217;inviter des personnalit\u00e9s \u00e9minentes \u00e0 inaugurer [&hellip;]<\/p>\n","protected":false},"author":2,"featured_media":0,"parent":0,"menu_order":0,"comment_status":"closed","ping_status":"closed","template":"","meta":{"footnotes":""},"class_list":["post-903","page","type-page","status-publish","hentry"],"_links":{"self":[{"href":"https:\/\/shamsgo.com\/index.php?rest_route=\/wp\/v2\/pages\/903","targetHints":{"allow":["GET"]}}],"collection":[{"href":"https:\/\/shamsgo.com\/index.php?rest_route=\/wp\/v2\/pages"}],"about":[{"href":"https:\/\/shamsgo.com\/index.php?rest_route=\/wp\/v2\/types\/page"}],"author":[{"embeddable":true,"href":"https:\/\/shamsgo.com\/index.php?rest_route=\/wp\/v2\/users\/2"}],"replies":[{"embeddable":true,"href":"https:\/\/shamsgo.com\/index.php?rest_route=%2Fwp%2Fv2%2Fcomments&post=903"}],"version-history":[{"count":4,"href":"https:\/\/shamsgo.com\/index.php?rest_route=\/wp\/v2\/pages\/903\/revisions"}],"predecessor-version":[{"id":907,"href":"https:\/\/shamsgo.com\/index.php?rest_route=\/wp\/v2\/pages\/903\/revisions\/907"}],"wp:attachment":[{"href":"https:\/\/shamsgo.com\/index.php?rest_route=%2Fwp%2Fv2%2Fmedia&parent=903"}],"curies":[{"name":"wp","href":"https:\/\/api.w.org\/{rel}","templated":true}]}}